{"id":2596,"date":"2021-07-16T06:56:14","date_gmt":"2021-07-16T11:56:14","guid":{"rendered":"https:\/\/hotelcostareal.co\/?page_id=2596"},"modified":"2023-10-23T00:44:33","modified_gmt":"2023-10-23T05:44:33","slug":"elementor-2596","status":"publish","type":"page","link":"https:\/\/hotelcostareal.co\/en\/elementor-2596\/","title":{"rendered":"Recomendaciones"},"content":{"rendered":"<div data-elementor-type=\"wp-post\" data-elementor-id=\"2596\" class=\"elementor elementor-2596\" data-elementor-settings=\"[]\">\n\t\t\t<div class=\"elementor-inner\">\n\t\t\t\t<div class=\"elementor-section-wrap\">\n\t\t\t\t\t\t\t<section class=\"elementor-element elementor-element-1729b06 elementor-section-full_width elementor-section-height-min-height elementor-section-height-default elementor-section-items-middle elementor-section elementor-top-section\" data-id=\"1729b06\" data-element_type=\"section\" data-settings=\"{&quot;background_background&quot;:&quot;classic&quot;}\">\n\t\t\t\t\t\t\t<div class=\"elementor-background-overlay\"><\/div>\n\t\t\t\t\t\t\t<div class=\"elementor-container elementor-column-gap-wider\">\n\t\t\t\t<div class=\"elementor-row\">\n\t\t\t\t<div class=\"elementor-element elementor-element-8186369 elementor-column elementor-col-100 elementor-top-column\" data-id=\"8186369\" data-element_type=\"column\">\n\t\t\t<div class=\"elementor-column-wrap  elementor-element-populated\">\n\t\t\t\t\t<div class=\"elementor-widget-wrap\">\n\t\t\t\t<div class=\"elementor-element elementor-element-2003887 elementor-widget elementor-widget-heading\" data-id=\"2003887\" data-element_type=\"widget\" data-widget_type=\"heading.default\">\n\t\t\t\t<div class=\"elementor-widget-container\">\n\t\t\t<h1 class=\"elementor-heading-title elementor-size-default\">Politicas<\/h1>\t\t<\/div>\n\t\t\t\t<\/div>\n\t\t\t\t\t\t<\/div>\n\t\t\t<\/div>\n\t\t<\/div>\n\t\t\t\t\t\t<\/div>\n\t\t\t<\/div>\n\t\t<\/section>\n\t\t\t\t<section class=\"elementor-element elementor-element-0e6427a elementor-section-boxed elementor-section-height-default elementor-section-height-default elementor-section elementor-top-section\" data-id=\"0e6427a\" data-element_type=\"section\">\n\t\t\t\t\t\t<div class=\"elementor-container elementor-column-gap-default\">\n\t\t\t\t<div class=\"elementor-row\">\n\t\t\t\t<div class=\"elementor-element elementor-element-f4bcd58 elementor-column elementor-col-50 elementor-top-column\" data-id=\"f4bcd58\" data-element_type=\"column\">\n\t\t\t<div class=\"elementor-column-wrap  elementor-element-populated\">\n\t\t\t\t\t<div class=\"elementor-widget-wrap\">\n\t\t\t\t<div class=\"elementor-element elementor-element-c69ca42 elementor-widget elementor-widget-text-editor\" data-id=\"c69ca42\" data-element_type=\"widget\" data-widget_type=\"text-editor.default\">\n\t\t\t\t<div class=\"elementor-widget-container\">\n\t\t\t\t\t<div class=\"elementor-text-editor elementor-clearfix\"><h5 style=\"text-align: center;\">POLITICAS DE PAGOS<\/h5><p>\u2022 Toda reserva tomada con el Hotel y Caba\u00f1as Reserva Aguamarina podr\u00e1 aplicar el siguiente medio pago, para reservar se podr\u00e1 anticipar el 30% al 50% del valor cotizado y la diferencia podr\u00e1 ser cancelada en el hotel al momento del registro hotelero.<\/p><p>\u2022 El cliente podr\u00e1 cancelar el valor del 100% de su plan si as\u00ed lo desea.<\/p><\/div>\n\t\t\t\t<\/div>\n\t\t\t\t<\/div>\n\t\t\t\t\t\t<\/div>\n\t\t\t<\/div>\n\t\t<\/div>\n\t\t\t\t<div class=\"elementor-element elementor-element-22cb0db elementor-column elementor-col-50 elementor-top-column\" data-id=\"22cb0db\" data-element_type=\"column\">\n\t\t\t<div class=\"elementor-column-wrap  elementor-element-populated\">\n\t\t\t\t\t<div class=\"elementor-widget-wrap\">\n\t\t\t\t<div class=\"elementor-element elementor-element-4da53cd elementor-widget elementor-widget-text-editor\" data-id=\"4da53cd\" data-element_type=\"widget\" data-widget_type=\"text-editor.default\">\n\t\t\t\t<div class=\"elementor-widget-container\">\n\t\t\t\t\t<div class=\"elementor-text-editor elementor-clearfix\"><h5 style=\"text-align: center;\">POLITICAS DE CANCELACI\u00d3N \u2013 DERECHO DE RETRACTO<\/h5><p style=\"text-align: left;\">Las reservas confirmadas tendr\u00e1n una pol\u00edtica de cancelaci\u00f3n en los siguientes t\u00e9rminos:<\/p><p style=\"text-align: left;\">\u2022 Cancelaciones o cambios recibidos entre 5 y 15 d\u00edas antes del inicio de los servicios tendr\u00e1n un cargo de la primera noche de alojamiento y alimentaci\u00f3n.<\/p><p style=\"text-align: left;\">\u2022 Cancelaciones o cambios recibidos entre 1 y 4 d\u00edas antes de la fecha de viaje para reservas de 2 noches en adelante tendr\u00e1n las siguientes penalidades:<\/p><p style=\"text-align: left;\">o 4 d\u00edas antes tendr\u00e1n un cargo del 50% del valor total de alojamiento y alimentaci\u00f3n.<\/p><p style=\"text-align: left;\">o 3 d\u00edas antes tendr\u00e1n un cargo del 75% del valor total de alojamiento y alimentaci\u00f3n.<\/p><p style=\"text-align: left;\">o 2 d\u00edas antes tendr\u00e1n un cargo del 85% del valor total de alojamiento y alimentaci\u00f3n.<\/p><p style=\"text-align: left;\">o 1 d\u00eda antes tendr\u00e1n un cargo del 100% del paquete.<\/p><p style=\"text-align: left;\">\u2022 Cancelaciones o cambios recibidos entre 1 y 4 d\u00edas antes de la fecha de viaje para reservas de 1 noche tendr\u00e1n un cargo del 100% del paquete.<\/p><p style=\"text-align: left;\">\u2022 En caso de cancelaci\u00f3n que no genere penalidad se cobrar\u00e1 un 10% del valor del paquete contratado por concepto de gastos administrativos.<\/p><p style=\"text-align: center;\"><strong>TARIFAS NETAS 1 DE Julio DE 2021 A 31 DE ENERO DE 2022<\/strong><br \/><strong>COSTA REAL HOTEL<\/strong><\/p><\/div>\n\t\t\t\t<\/div>\n\t\t\t\t<\/div>\n\t\t\t\t\t\t<\/div>\n\t\t\t<\/div>\n\t\t<\/div>\n\t\t\t\t\t\t<\/div>\n\t\t\t<\/div>\n\t\t<\/section>\n\t\t\t\t<section class=\"elementor-element elementor-element-e740f62 elementor-section-boxed elementor-section-height-default elementor-section-height-default elementor-section elementor-top-section\" data-id=\"e740f62\" data-element_type=\"section\">\n\t\t\t\t\t\t<div class=\"elementor-container elementor-column-gap-default\">\n\t\t\t\t<div class=\"elementor-row\">\n\t\t\t\t<div class=\"elementor-element elementor-element-50ea100 elementor-column elementor-col-100 elementor-top-column\" data-id=\"50ea100\" data-element_type=\"column\">\n\t\t\t<div class=\"elementor-column-wrap\">\n\t\t\t\t\t<div class=\"elementor-widget-wrap\">\n\t\t\t\t\t\t<\/div>\n\t\t\t<\/div>\n\t\t<\/div>\n\t\t\t\t\t\t<\/div>\n\t\t\t<\/div>\n\t\t<\/section>\n\t\t\t\t<section class=\"elementor-element elementor-element-9c1a4e3 elementor-section-boxed elementor-section-height-default elementor-section-height-default elementor-section elementor-top-section\" data-id=\"9c1a4e3\" data-element_type=\"section\">\n\t\t\t\t\t\t<div class=\"elementor-container elementor-column-gap-default\">\n\t\t\t\t<div class=\"elementor-row\">\n\t\t\t\t<div class=\"elementor-element elementor-element-fd9ded2 elementor-column elementor-col-100 elementor-top-column\" data-id=\"fd9ded2\" data-element_type=\"column\">\n\t\t\t<div class=\"elementor-column-wrap  elementor-element-populated\">\n\t\t\t\t\t<div class=\"elementor-widget-wrap\">\n\t\t\t\t<div class=\"elementor-element elementor-element-2f01549 elementor-widget elementor-widget-text-editor\" data-id=\"2f01549\" data-element_type=\"widget\" data-widget_type=\"text-editor.default\">\n\t\t\t\t<div class=\"elementor-widget-container\">\n\t\t\t\t\t<div class=\"elementor-text-editor elementor-clearfix\"><p style=\"text-align: center;\">COSTA REAL HOTEL<\/p><p style=\"text-align: center;\">www.hotelcostareal.co &#8211; info@hotelcostareal.co<\/p><p style=\"text-align: center;\">Cel. 3217680539 \u2013 3147516944 &#8211; 3117283213 &#8211; 3106442481<\/p><p style=\"text-align: center;\">Ladrilleros, Buenaventura, Colombia<\/p><\/div>\n\t\t\t\t<\/div>\n\t\t\t\t<\/div>\n\t\t\t\t\t\t<\/div>\n\t\t\t<\/div>\n\t\t<\/div>\n\t\t\t\t\t\t<\/div>\n\t\t\t<\/div>\n\t\t<\/section>\n\t\t\t\t\t\t<\/div>\n\t\t\t<\/div>\n\t\t<\/div>","protected":false},"excerpt":{"rendered":"<p>Politicas POLITICAS DE PAGOS \u2022 Toda reserva tomada con el Hotel y Caba\u00f1as Reserva Aguamarina podr\u00e1 aplicar el siguiente medio pago, para reservar se podr\u00e1 anticipar el 30% al 50% del valor cotizado y la diferencia podr\u00e1 ser cancelada en el hotel al momento del registro hotelero. \u2022 El cliente podr\u00e1 cancelar el valor del<\/p>","protected":false},"author":3,"featured_media":0,"parent":0,"menu_order":0,"comment_status":"closed","ping_status":"closed","template":"","meta":[],"yoast_head":"<!-- This site is optimized with the Yoast SEO plugin v16.0.2 - https:\/\/yoast.com\/wordpress\/plugins\/seo\/ -->\n<title>Recomendaciones - Hotel Costa Real<\/title>\n<link rel=\"canonical\" href=\"https:\/\/hotelcostareal.co\/elementor-2596\/\" \/>\n<meta property=\"og:locale\" content=\"en_US\" \/>\n<meta property=\"og:type\" content=\"article\" \/>\n<meta property=\"og:title\" content=\"Recomendaciones - Hotel Costa Real\" \/>\n<meta property=\"og:description\" content=\"Politicas POLITICAS DE PAGOS \u2022 Toda reserva tomada con el Hotel y Caba\u00f1as Reserva Aguamarina podr\u00e1 aplicar el siguiente medio pago, para reservar se podr\u00e1 anticipar el 30% al 50% del valor cotizado y la diferencia podr\u00e1 ser cancelada en el hotel al momento del registro hotelero. \u2022 El cliente podr\u00e1 cancelar el valor del\" \/>\n<meta property=\"og:url\" content=\"https:\/\/hotelcostareal.co\/elementor-2596\/\" \/>\n<meta property=\"og:site_name\" content=\"Hotel Costa Real\" \/>\n<meta property=\"article:publisher\" content=\"https:\/\/www.facebook.com\/costarealhotel\" \/>\n<meta property=\"article:modified_time\" content=\"2023-10-23T05:44:33+00:00\" \/>\n<meta property=\"og:image\" content=\"https:\/\/hotelcostareal.co\/wp-content\/uploads\/2021\/07\/WhatsApp-Image-2021-07-16-at-09.20.00.jpeg\" \/>\n\t<meta property=\"og:image:width\" content=\"1280\" \/>\n\t<meta property=\"og:image:height\" content=\"960\" \/>\n<meta name=\"twitter:card\" content=\"summary_large_image\" \/>\n<meta name=\"twitter:label1\" content=\"Est. reading time\">\n\t<meta name=\"twitter:data1\" content=\"2 minutes\">\n<script type=\"application\/ld+json\" class=\"yoast-schema-graph\">{\"@context\":\"https:\/\/schema.org\",\"@graph\":[{\"@type\":\"Organization\",\"@id\":\"https:\/\/hotelcostareal.co\/#organization\",\"name\":\"Hotel Costa Real\",\"url\":\"https:\/\/hotelcostareal.co\/\",\"sameAs\":[\"https:\/\/www.facebook.com\/costarealhotel\",\"https:\/\/www.instagram.com\/costareal.hotel\/\"],\"logo\":{\"@type\":\"ImageObject\",\"@id\":\"https:\/\/hotelcostareal.co\/#logo\",\"inLanguage\":\"en-US\",\"url\":\"\",\"caption\":\"Hotel Costa Real\"},\"image\":{\"@id\":\"https:\/\/hotelcostareal.co\/#logo\"}},{\"@type\":\"WebSite\",\"@id\":\"https:\/\/hotelcostareal.co\/#website\",\"url\":\"https:\/\/hotelcostareal.co\/\",\"name\":\"Hotel Costa Real\",\"description\":\"Alojamiento en Ladrilleros, Buenaventura\",\"publisher\":{\"@id\":\"https:\/\/hotelcostareal.co\/#organization\"},\"potentialAction\":[{\"@type\":\"SearchAction\",\"target\":\"https:\/\/hotelcostareal.co\/?s={search_term_string}\",\"query-input\":\"required name=search_term_string\"}],\"inLanguage\":\"en-US\"},{\"@type\":\"WebPage\",\"@id\":\"https:\/\/hotelcostareal.co\/elementor-2596\/#webpage\",\"url\":\"https:\/\/hotelcostareal.co\/elementor-2596\/\",\"name\":\"Recomendaciones - Hotel Costa Real\",\"isPartOf\":{\"@id\":\"https:\/\/hotelcostareal.co\/#website\"},\"datePublished\":\"2021-07-16T11:56:14+00:00\",\"dateModified\":\"2023-10-23T05:44:33+00:00\",\"breadcrumb\":{\"@id\":\"https:\/\/hotelcostareal.co\/elementor-2596\/#breadcrumb\"},\"inLanguage\":\"en-US\",\"potentialAction\":[{\"@type\":\"ReadAction\",\"target\":[\"https:\/\/hotelcostareal.co\/elementor-2596\/\"]}]},{\"@type\":\"BreadcrumbList\",\"@id\":\"https:\/\/hotelcostareal.co\/elementor-2596\/#breadcrumb\",\"itemListElement\":[{\"@type\":\"ListItem\",\"position\":1,\"item\":{\"@type\":\"WebPage\",\"@id\":\"https:\/\/hotelcostareal.co\/\",\"url\":\"https:\/\/hotelcostareal.co\/\",\"name\":\"Portada\"}},{\"@type\":\"ListItem\",\"position\":2,\"item\":{\"@type\":\"WebPage\",\"@id\":\"https:\/\/hotelcostareal.co\/elementor-2596\/\",\"url\":\"https:\/\/hotelcostareal.co\/elementor-2596\/\",\"name\":\"Recomendaciones\"}}]}]}<\/script>\n<!-- \/ Yoast SEO plugin. -->","_links":{"self":[{"href":"https:\/\/hotelcostareal.co\/en\/wp-json\/wp\/v2\/pages\/2596"}],"collection":[{"href":"https:\/\/hotelcostareal.co\/en\/wp-json\/wp\/v2\/pages"}],"about":[{"href":"https:\/\/hotelcostareal.co\/en\/wp-json\/wp\/v2\/types\/page"}],"author":[{"embeddable":true,"href":"https:\/\/hotelcostareal.co\/en\/wp-json\/wp\/v2\/users\/3"}],"replies":[{"embeddable":true,"href":"https:\/\/hotelcostareal.co\/en\/wp-json\/wp\/v2\/comments?post=2596"}],"version-history":[{"count":10,"href":"https:\/\/hotelcostareal.co\/en\/wp-json\/wp\/v2\/pages\/2596\/revisions"}],"predecessor-version":[{"id":2757,"href":"https:\/\/hotelcostareal.co\/en\/wp-json\/wp\/v2\/pages\/2596\/revisions\/2757"}],"wp:attachment":[{"href":"https:\/\/hotelcostareal.co\/en\/wp-json\/wp\/v2\/media?parent=2596"}],"curies":[{"name":"wp","href":"https:\/\/api.w.org\/{rel}","templated":true}]}}